{"id":75,"date":"2023-08-02T16:44:43","date_gmt":"2023-08-02T16:44:43","guid":{"rendered":"https:\/\/www.ayyildizli.com\/?page_id=75"},"modified":"2023-08-02T16:44:44","modified_gmt":"2023-08-02T16:44:44","slug":"kultur-mantari-nasil-yetistirilir","status":"publish","type":"page","link":"http:\/\/www.ayyildizli.com\/index.php\/kultur-mantari-nasil-yetistirilir\/","title":{"rendered":"K\u00fclt\u00fcr Mantar\u0131 Nas\u0131l Yeti\u015ftirilir?"},"content":{"rendered":"\n<p>Tabii ki! K\u00fclt\u00fcr mantar\u0131, genellikle beyaz d\u00fc\u011fme mantar\u0131 veya Agaricus bisporus olarak da bilinir. A\u015fa\u011f\u0131da k\u00fclt\u00fcr mantarlar\u0131n\u0131n yeti\u015ftirilme s\u00fcrecini ad\u0131m ad\u0131m a\u00e7\u0131klayaca\u011f\u0131m ve resimlerle destekleyece\u011fim:<\/p>\n\n\n\n<p>Ad\u0131m 1: Malzemeleri Haz\u0131rlay\u0131n<\/p>\n\n\n\n<ul>\n<li>K\u00fclt\u00fcr mantar\u0131 yeti\u015ftirmek i\u00e7in uygun bir mantar yeti\u015ftirme kiti veya kompost torbas\u0131 sat\u0131n al\u0131n.<\/li>\n\n\n\n<li>Torf, saman, kepek veya kompost gibi mantar yeti\u015ftirme ortam\u0131 i\u00e7in malzemeleri temin edin.<\/li>\n\n\n\n<li>B\u00fcy\u00fck bir plastik kap, mantarlar\u0131n yeti\u015ftirilece\u011fi konteyner olarak kullan\u0131labilir.<\/li>\n\n\n\n<li>Temiz bir su kayna\u011f\u0131na ve su p\u00fcsk\u00fcrtme kab\u0131na ihtiyac\u0131n\u0131z olacak.<\/li>\n<\/ul>\n\n\n\n<p>Ad\u0131m 2: Ortam\u0131 Haz\u0131rlay\u0131n Mantarlar\u0131n yeti\u015ftirilece\u011fi ortam\u0131 haz\u0131rlamak i\u00e7in mantar yeti\u015ftirme kitinizi veya kompost torban\u0131z\u0131 a\u00e7\u0131n. Mantar yeti\u015ftirme kitlerinde, mantarlar i\u00e7in uygun ortam zaten haz\u0131rd\u0131r; bu y\u00fczden sadece torbay\u0131 a\u00e7man\u0131z yeterli olacakt\u0131r. E\u011fer kendi kompostunuzu haz\u0131rl\u0131yorsan\u0131z, uygun oranda torf, saman ve kepe\u011fi kar\u0131\u015ft\u0131rarak homojen bir mantar yeti\u015ftirme ortam\u0131 olu\u015fturun.<\/p>\n\n\n\n<p>Ad\u0131m 3: Mantar Tohumlar\u0131 Ekleyin Mantar tohumlar\u0131, &#8220;mantar miseli&#8221; olarak adland\u0131r\u0131lan \u00f6zel mantar miseli tozlar\u0131d\u0131r. Bu tohumlar\u0131 mantar yeti\u015ftirme ortam\u0131n\u0131za ekleyin. Mantar tohumlar\u0131, mantar miseli olarak adland\u0131r\u0131lan beyaz ipliksi yap\u0131larla dolu olacakt\u0131r.<\/p>\n\n\n\n<p>Ad\u0131m 4: Ortam\u0131 Nemlendirin Mantarlar nemli bir ortamda yeti\u015ftirilir, bu y\u00fczden su p\u00fcsk\u00fcrtme kab\u0131n\u0131 kullanarak ortam\u0131 nemlendirin. Ortam\u0131n nemli kalmas\u0131 i\u00e7in d\u00fczenli olarak sulamak \u00f6nemlidir.<\/p>\n\n\n\n<p>Ad\u0131m 5: Ortam\u0131 Karanl\u0131k ve Serin Bir Yere Ta\u015f\u0131y\u0131n Mantarlar d\u00fc\u015f\u00fck \u0131\u015f\u0131kta ve serin ortamda daha iyi geli\u015firler. Bu nedenle, konteyneri veya yeti\u015ftirme kitini karanl\u0131k ve serin bir yerde saklay\u0131n. \u0130deal s\u0131cakl\u0131k 10-21\u00b0C aras\u0131ndad\u0131r.<\/p>\n\n\n\n<p>Ad\u0131m 6: Mantarlar\u0131n Geli\u015fimini \u0130zleyin Mantarlar\u0131n b\u00fcy\u00fcmesini izleyin. \u0130lk ba\u015fta beyaz renkli misel yap\u0131s\u0131 olu\u015facak ve zamanla mantar g\u00f6vdeleri ve ba\u015flar\u0131 belirecektir.<\/p>\n\n\n\n<p>Ad\u0131m 7: Hasat Edin Mantarlar olgunla\u015ft\u0131\u011f\u0131nda, ba\u015flar\u0131n\u0131 parmaklar\u0131n\u0131zla veya b\u0131\u00e7akla dikkatlice keserek hasat edin. Mantarlar belirli bir boyuta ula\u015ft\u0131\u011f\u0131nda hasat edilmelidir.<\/p>\n\n\n\n<p><\/p>\n","protected":false},"excerpt":{"rendered":"<p>Tabii ki! K\u00fclt\u00fcr mantar\u0131, genellikle beyaz d\u00fc\u011fme mantar\u0131 veya Agaricus bisporus olarak da bilinir. A\u015fa\u011f\u0131da k\u00fclt\u00fcr mantarlar\u0131n\u0131n yeti\u015ftirilme s\u00fcrecini ad\u0131m ad\u0131m a\u00e7\u0131klayaca\u011f\u0131m ve resimlerle destekleyece\u011fim: Ad\u0131m 1: Malzemeleri Haz\u0131rlay\u0131n Ad\u0131m 2: Ortam\u0131 Haz\u0131rlay\u0131n Mantarlar\u0131n yeti\u015ftirilece\u011fi ortam\u0131 haz\u0131rlamak i\u00e7in mantar yeti\u015ftirme<\/p>\n","protected":false},"author":1,"featured_media":0,"parent":0,"menu_order":0,"comment_status":"closed","ping_status":"closed","template":"","meta":[],"jetpack_sharing_enabled":true,"_links":{"self":[{"href":"http:\/\/www.ayyildizli.com\/index.php\/wp-json\/wp\/v2\/pages\/75"}],"collection":[{"href":"http:\/\/www.ayyildizli.com\/index.php\/wp-json\/wp\/v2\/pages"}],"about":[{"href":"http:\/\/www.ayyildizli.com\/index.php\/wp-json\/wp\/v2\/types\/page"}],"author":[{"embeddable":true,"href":"http:\/\/www.ayyildizli.com\/index.php\/wp-json\/wp\/v2\/users\/1"}],"replies":[{"embeddable":true,"href":"http:\/\/www.ayyildizli.com\/index.php\/wp-json\/wp\/v2\/comments?post=75"}],"version-history":[{"count":1,"href":"http:\/\/www.ayyildizli.com\/index.php\/wp-json\/wp\/v2\/pages\/75\/revisions"}],"predecessor-version":[{"id":76,"href":"http:\/\/www.ayyildizli.com\/index.php\/wp-json\/wp\/v2\/pages\/75\/revisions\/76"}],"wp:attachment":[{"href":"http:\/\/www.ayyildizli.com\/index.php\/wp-json\/wp\/v2\/media?parent=75"}],"curies":[{"name":"wp","href":"https:\/\/api.w.org\/{rel}","templated":true}]}}