{"id":69,"date":"2023-08-02T16:36:47","date_gmt":"2023-08-02T16:36:47","guid":{"rendered":"https:\/\/www.ayyildizli.com\/?page_id=69"},"modified":"2023-08-02T16:36:50","modified_gmt":"2023-08-02T16:36:50","slug":"microsoft-azure-cloud-nedir-nasil-kullanilir","status":"publish","type":"page","link":"http:\/\/www.ayyildizli.com\/index.php\/microsoft-azure-cloud-nedir-nasil-kullanilir\/","title":{"rendered":"Microsoft Azure Cloud Nedir ? Nas\u0131l Kullan\u0131l\u0131r?"},"content":{"rendered":"\n<p>Microsoft Azure, Microsoft&#8217;un bulut bili\u015fim hizmeti platformudur. Bulut bili\u015fim, internet \u00fczerinden sunulan ve genellikle kaynaklar\u0131n bir a\u011f \u00fczerinde payla\u015f\u0131ld\u0131\u011f\u0131 hizmetlerin kullan\u0131m\u0131n\u0131 ifade eder. Azure, kurulu\u015flar\u0131n ve bireylerin uygulamalar\u0131n\u0131, verilerini ve hizmetlerini depolamak, y\u00f6netmek ve da\u011f\u0131tmak i\u00e7in kullanabilece\u011fi geni\u015f bir bulut platformu sa\u011flar.<\/p>\n\n\n\n<p>Azure&#8217;nin temel \u00f6zellikleri \u015funlard\u0131r:<\/p>\n\n\n\n<ol>\n<li>Sanal makineler: Sanal makineler olu\u015fturarak, fiziksel bir bilgisayara sahip olman\u0131za gerek kalmadan bulutta uygulamalar\u0131n\u0131z\u0131 \u00e7al\u0131\u015ft\u0131rabilirsiniz.<\/li>\n\n\n\n<li>Veritaban\u0131 hizmetleri: Azure, farkl\u0131 veritaban\u0131 hizmetleri sunar, b\u00f6ylece verilerinizi g\u00fcvenli bir \u015fekilde depolayabilir ve y\u00f6netebilirsiniz.<\/li>\n\n\n\n<li>Yedekleme ve kurtarma: Azure, verilerinizi yedeklemenize ve acil durumlar i\u00e7in kurtarma i\u015flemleri ger\u00e7ekle\u015ftirmenize yard\u0131mc\u0131 olur.<\/li>\n\n\n\n<li>Analitik ve yapay zeka hizmetleri: Makine \u00f6\u011frenimi, yapay zeka ve b\u00fcy\u00fck veri analiti\u011fi gibi geli\u015fmi\u015f hizmetler sunarak i\u015finizde verileri daha etkili bir \u015fekilde kullanman\u0131z\u0131 sa\u011flar.<\/li>\n\n\n\n<li>Web ve mobil hizmetler: Web siteleri ve mobil uygulamalar i\u00e7in kolayca kullan\u0131labilir hizmetler sa\u011flar.<\/li>\n\n\n\n<li>Kimlik ve eri\u015fim y\u00f6netimi: Azure, kullan\u0131c\u0131 kimlik do\u011frulama ve yetkilendirme i\u00e7in g\u00fcvenli hizmetler sa\u011flar.<\/li>\n\n\n\n<li>G\u00fcvenlik: Verilerinizin g\u00fcvenli\u011fini sa\u011flamak i\u00e7in Azure, \u00e7e\u015fitli g\u00fcvenlik \u00f6nlemleri sunar.<\/li>\n<\/ol>\n\n\n\n<p>Azure&#8217;nin kullan\u0131m\u0131 \u015fu ad\u0131mlarla ger\u00e7ekle\u015ftirilir:<\/p>\n\n\n\n<ol>\n<li>Azure hesab\u0131 olu\u015fturma: Azure&#8217;\u0131 kullanmaya ba\u015flamak i\u00e7in \u00f6ncelikle bir Azure hesab\u0131 olu\u015fturman\u0131z gerekecektir. Bu i\u015flem i\u00e7in azure.com adresini ziyaret edebilir ve \u00fccretsiz deneme hesab\u0131 olu\u015fturabilirsiniz.<\/li>\n\n\n\n<li>Portal eri\u015fimi: Azure Portal&#8217;\u0131 kullanarak hesab\u0131n\u0131za giri\u015f yapabilir ve hizmetleri y\u00f6netmeye ba\u015flayabilirsiniz. Azure Portal, kullan\u0131c\u0131 dostu bir aray\u00fcze sahiptir.<\/li>\n\n\n\n<li>Kaynaklar\u0131 olu\u015fturma: Sanal makineler, veritabanlar\u0131, depolama hesaplar\u0131 vb. gibi kaynaklar\u0131 olu\u015fturabilirsiniz. Bu, kullanmak istedi\u011finiz hizmetleri ve yap\u0131land\u0131rmalar\u0131 belirlemenizi gerektirir.<\/li>\n\n\n\n<li>Y\u00f6netim ve izleme: Azure, sa\u011flad\u0131\u011f\u0131 ara\u00e7larla kaynaklar\u0131n\u0131z\u0131 y\u00f6netmenizi ve performanslar\u0131n\u0131 izlemenizi sa\u011flar.<\/li>\n\n\n\n<li>Faturaland\u0131rma: Azure, kullan\u0131lan hizmetlere g\u00f6re bir \u00fccretlendirme modeline sahiptir. Hizmetlerinizi kullanarak olu\u015fan maliyetleri faturaland\u0131rmalar\u0131n\u0131z\u0131 takip etmeniz gerekecektir.<\/li>\n<\/ol>\n\n\n\n<p>Bu ad\u0131mlarla Microsoft Azure&#8217;\u0131 ba\u015flang\u0131\u00e7 d\u00fczeyinde kullanmaya ba\u015flayabilirsiniz. Ancak, platform \u00e7ok geni\u015f bir yelpazeye sahip oldu\u011fundan daha karma\u015f\u0131k senaryolar\u0131 desteklemek i\u00e7in derinlemesine \u00f6\u011frenme ve uzmanl\u0131k gerektirebilir. Azure belgeleri ve topluluk kaynaklar\u0131 size daha fazla bilgi ve rehberlik sa\u011flayabilir<\/p>\n","protected":false},"excerpt":{"rendered":"<p>Microsoft Azure, Microsoft&#8217;un bulut bili\u015fim hizmeti platformudur. Bulut bili\u015fim, internet \u00fczerinden sunulan ve genellikle kaynaklar\u0131n bir a\u011f \u00fczerinde payla\u015f\u0131ld\u0131\u011f\u0131 hizmetlerin kullan\u0131m\u0131n\u0131 ifade eder. Azure, kurulu\u015flar\u0131n ve bireylerin uygulamalar\u0131n\u0131, verilerini ve hizmetlerini depolamak, y\u00f6netmek ve da\u011f\u0131tmak i\u00e7in kullanabilece\u011fi geni\u015f bir bulut<\/p>\n","protected":false},"author":1,"featured_media":0,"parent":0,"menu_order":0,"comment_status":"closed","ping_status":"closed","template":"","meta":[],"jetpack_sharing_enabled":true,"_links":{"self":[{"href":"http:\/\/www.ayyildizli.com\/index.php\/wp-json\/wp\/v2\/pages\/69"}],"collection":[{"href":"http:\/\/www.ayyildizli.com\/index.php\/wp-json\/wp\/v2\/pages"}],"about":[{"href":"http:\/\/www.ayyildizli.com\/index.php\/wp-json\/wp\/v2\/types\/page"}],"author":[{"embeddable":true,"href":"http:\/\/www.ayyildizli.com\/index.php\/wp-json\/wp\/v2\/users\/1"}],"replies":[{"embeddable":true,"href":"http:\/\/www.ayyildizli.com\/index.php\/wp-json\/wp\/v2\/comments?post=69"}],"version-history":[{"count":1,"href":"http:\/\/www.ayyildizli.com\/index.php\/wp-json\/wp\/v2\/pages\/69\/revisions"}],"predecessor-version":[{"id":70,"href":"http:\/\/www.ayyildizli.com\/index.php\/wp-json\/wp\/v2\/pages\/69\/revisions\/70"}],"wp:attachment":[{"href":"http:\/\/www.ayyildizli.com\/index.php\/wp-json\/wp\/v2\/media?parent=69"}],"curies":[{"name":"wp","href":"https:\/\/api.w.org\/{rel}","templated":true}]}}