{"id":27,"date":"2023-08-02T07:49:15","date_gmt":"2023-08-02T07:49:15","guid":{"rendered":"https:\/\/www.ayyildizli.com\/?page_id=27"},"modified":"2023-08-02T10:24:28","modified_gmt":"2023-08-02T10:24:28","slug":"yapay-zeka","status":"publish","type":"page","link":"http:\/\/www.ayyildizli.com\/index.php\/yapay-zeka\/","title":{"rendered":"Yapay zekan\u0131n hayat\u0131m\u0131z\u0131 kolayla\u015ft\u0131ran y\u00f6nleri nelerdir?"},"content":{"rendered":"\n<p>y zeka (YZ), hayat\u0131m\u0131z\u0131 bir\u00e7ok \u015fekilde kolayla\u015ft\u0131ran \u00f6nemli bir teknolojidir. \u0130\u015fte yapay zekan\u0131n hayat\u0131m\u0131z\u0131 kolayla\u015ft\u0131ran baz\u0131 y\u00f6nleri:<\/p>\n\n\n\n<ol>\n<li>Ki\u015fisel Asistanlar: Yapay zeka destekli ki\u015fisel asistanlar (\u00f6rne\u011fin, Siri, Google Asistan, Amazon Alexa) g\u00fcnl\u00fck g\u00f6revlerimizi y\u00f6netmemizi sa\u011flar. Sesli komutlar\u0131 anlayarak takvimimizi d\u00fczenlemek, hat\u0131rlat\u0131c\u0131lar ayarlamak, hava durumu bilgisi sa\u011flamak ve daha bir\u00e7ok i\u015flevi yerine getirebilirler.<\/li>\n\n\n\n<li>\u00d6neri Sistemleri: Yapay zeka, internette al\u0131\u015fveri\u015f yaparken, film ve dizi izlerken, m\u00fczik dinlerken ve di\u011fer i\u00e7erikleri t\u00fcketirken bize \u00f6neriler sunar. Bu sistemler, ki\u015fisel tercihlerimize ve ge\u00e7mi\u015f davran\u0131\u015flar\u0131m\u0131za dayanarak daha iyi deneyimler ya\u015famam\u0131z\u0131 sa\u011flar.<\/li>\n\n\n\n<li>T\u0131p ve Sa\u011fl\u0131k Hizmetleri: Yapay zeka, t\u0131p alan\u0131nda tan\u0131 ve tedavi s\u00fcre\u00e7lerini geli\u015ftirebilir. Hastal\u0131klar\u0131n erken te\u015fhisi, ila\u00e7 ke\u015ffi, t\u0131bbi g\u00f6r\u00fcnt\u00fcleme ve hastane s\u00fcre\u00e7lerinde verimlili\u011fi art\u0131rabilir. Ayn\u0131 zamanda sa\u011fl\u0131k izleme cihazlar\u0131yla ki\u015fisel sa\u011fl\u0131k durumumuzu takip etmeye yard\u0131mc\u0131 olabilir.<\/li>\n\n\n\n<li>Otomasyon ve End\u00fcstriyel Uygulamalar: Yapay zeka, \u00fcretim s\u00fcre\u00e7lerinde ve end\u00fcstriyel uygulamalarda otomasyonu art\u0131rabilir. Bu, verimlili\u011fi art\u0131r\u0131rken insanlar\u0131n daha g\u00fcvenli ve daha karma\u015f\u0131k i\u015fleri y\u00f6netmesine olanak tan\u0131r.<\/li>\n\n\n\n<li>G\u00fcvenlik ve Savunma: Yapay zeka, siber g\u00fcvenlikte tehditleri tespit etmek ve savunma stratejilerini geli\u015ftirmek i\u00e7in kullan\u0131l\u0131r. Ayn\u0131 zamanda g\u00fcvenlik g\u00fc\u00e7lerine ter\u00f6r sald\u0131r\u0131lar\u0131 ve su\u00e7lar gibi olaylar\u0131 \u00f6nleme ve m\u00fccadele etme konusunda yard\u0131mc\u0131 olabilir.<\/li>\n\n\n\n<li>Dil \u00c7evirileri: Yapay zeka, \u00e7eviri hizmetlerinde b\u00fcy\u00fck kolayl\u0131k sa\u011flar. An\u0131nda dil \u00e7evirisi yapabilen uygulamalar, yabanc\u0131 dil engelini azaltarak k\u00fclt\u00fcrler aras\u0131 ileti\u015fimi art\u0131r\u0131r.<\/li>\n\n\n\n<li>Tar\u0131m ve Tar\u0131m Verimlili\u011fi: Yapay zeka, tar\u0131m sekt\u00f6r\u00fcnde, \u00e7ift\u00e7ilere tar\u0131m uygulamalar\u0131 ve verimliliklerini art\u0131rmak i\u00e7in \u00e7e\u015fitli analitik ara\u00e7lar sunar. Bu da daha verimli ve s\u00fcrd\u00fcr\u00fclebilir tar\u0131m uygulamalar\u0131n\u0131n benimsenmesini sa\u011flar.<\/li>\n\n\n\n<li>E\u011fitim: Yapay zeka tabanl\u0131 e\u011fitim ara\u00e7lar\u0131, \u00f6\u011frencilere ki\u015fiselle\u015ftirilmi\u015f \u00f6\u011frenme deneyimleri sunabilir ve \u00f6\u011fretmenlere daha etkili bir \u00f6\u011fretim yakla\u015f\u0131m\u0131 benimsemelerine yard\u0131mc\u0131 olabilir.<\/li>\n\n\n\n<li>Ula\u015f\u0131m ve S\u00fcr\u00fcc\u00fcs\u00fcz Ara\u00e7lar: Yapay zeka, otonom s\u00fcr\u00fc\u015f teknolojilerinde kullan\u0131larak trafik g\u00fcvenli\u011fini art\u0131rabilir ve s\u00fcr\u00fcc\u00fcs\u00fcz ara\u00e7lar\u0131n gelecekte daha yayg\u0131n hale gelmesine olanak tan\u0131r.<\/li>\n<\/ol>\n\n\n\n<p class=\"has-text-align-left\">Yapay zekan\u0131n hayat\u0131m\u0131z\u0131 kolayla\u015ft\u0131ran bu y\u00f6nleri, teknolojinin daha da geli\u015fmesiyle birlikte gelecekte daha fazla alanda kullan\u0131labilir ve insan hayat\u0131na daha fazla fayda sa\u011flayabilir. Ancak, yapay zekan\u0131n etik, g\u00fcvenlik ve gizlilik gibi baz\u0131 \u00f6nemli sorunlar\u0131 da g\u00f6z \u00f6n\u00fcnde bulundurmak ve \u00e7\u00f6zmek \u00f6nemlidir.<\/p>\n","protected":false},"excerpt":{"rendered":"<p>y zeka (YZ), hayat\u0131m\u0131z\u0131 bir\u00e7ok \u015fekilde kolayla\u015ft\u0131ran \u00f6nemli bir teknolojidir. \u0130\u015fte yapay zekan\u0131n hayat\u0131m\u0131z\u0131 kolayla\u015ft\u0131ran baz\u0131 y\u00f6nleri: Yapay zekan\u0131n hayat\u0131m\u0131z\u0131 kolayla\u015ft\u0131ran bu y\u00f6nleri, teknolojinin daha da geli\u015fmesiyle birlikte gelecekte daha fazla alanda kullan\u0131labilir ve insan hayat\u0131na daha fazla fayda sa\u011flayabilir.<\/p>\n","protected":false},"author":1,"featured_media":0,"parent":0,"menu_order":0,"comment_status":"closed","ping_status":"closed","template":"","meta":[],"jetpack_sharing_enabled":true,"_links":{"self":[{"href":"http:\/\/www.ayyildizli.com\/index.php\/wp-json\/wp\/v2\/pages\/27"}],"collection":[{"href":"http:\/\/www.ayyildizli.com\/index.php\/wp-json\/wp\/v2\/pages"}],"about":[{"href":"http:\/\/www.ayyildizli.com\/index.php\/wp-json\/wp\/v2\/types\/page"}],"author":[{"embeddable":true,"href":"http:\/\/www.ayyildizli.com\/index.php\/wp-json\/wp\/v2\/users\/1"}],"replies":[{"embeddable":true,"href":"http:\/\/www.ayyildizli.com\/index.php\/wp-json\/wp\/v2\/comments?post=27"}],"version-history":[{"count":2,"href":"http:\/\/www.ayyildizli.com\/index.php\/wp-json\/wp\/v2\/pages\/27\/revisions"}],"predecessor-version":[{"id":58,"href":"http:\/\/www.ayyildizli.com\/index.php\/wp-json\/wp\/v2\/pages\/27\/revisions\/58"}],"wp:attachment":[{"href":"http:\/\/www.ayyildizli.com\/index.php\/wp-json\/wp\/v2\/media?parent=27"}],"curies":[{"name":"wp","href":"https:\/\/api.w.org\/{rel}","templated":true}]}}